{"id":8,"date":"2020-10-20T21:55:18","date_gmt":"2020-10-20T18:55:18","guid":{"rendered":"https:\/\/www.sohbettemasi.com\/RadyoMix\/?page_id=8"},"modified":"2020-10-21T19:57:07","modified_gmt":"2020-10-21T16:57:07","slug":"dj-basvuru","status":"publish","type":"page","link":"https:\/\/www.sohbettemasi.com\/RadyoMix\/dj-basvuru","title":{"rendered":"Dj Ba\u015fvuru"},"content":{"rendered":"<p>Sizlerde dj olmak istiyorsan\u0131z a\u015fa\u011f\u0131daki dj ba\u015fvuru formunu doldurarak bizlere g\u00f6nderebilirsiniz.<\/p>\n\n<div class=\"wpcf7 no-js\" id=\"wpcf7-f20-o1\" lang=\"tr-TR\" dir=\"ltr\">\n<div class=\"screen-reader-response\"><p role=\"status\" aria-live=\"polite\" aria-atomic=\"true\"><\/p> <ul><\/ul><\/div>\n<form action=\"\/RadyoMix\/wp-json\/wp\/v2\/pages\/8#wpcf7-f20-o1\" method=\"post\" class=\"wpcf7-form init\" aria-label=\"\u0130leti\u015fim Formu\" novalidate=\"novalidate\" data-status=\"init\">\n<div style=\"display: none;\">\n<input type=\"hidden\" name=\"_wpcf7\" value=\"20\" \/>\n<input type=\"hidden\" name=\"_wpcf7_version\" value=\"5.9.8\" \/>\n<input type=\"hidden\" name=\"_wpcf7_locale\" value=\"tr_TR\" \/>\n<input type=\"hidden\" name=\"_wpcf7_unit_tag\" value=\"wpcf7-f20-o1\" \/>\n<input type=\"hidden\" name=\"_wpcf7_container_post\" value=\"0\" \/>\n<input type=\"hidden\" name=\"_wpcf7_posted_data_hash\" value=\"\" \/>\n<\/div>\n<p><label style=\"font-size:16px;color:#000\"> Ad\u0131n\u0131z Soyad\u0131n\u0131z<br \/>\n<span class=\"wpcf7-form-control-wrap\" data-name=\"adsoyad\"><input size=\"40\" maxlength=\"400\" class=\"wpcf7-form-control wpcf7-text wpcf7-validates-as-required kullad form-control\" aria-required=\"true\" aria-invalid=\"false\" value=\"\" type=\"text\" name=\"adsoyad\" \/><\/span> <\/label>\n<\/p>\n<p><label style=\"font-size:16px;color:#000\"> E-Posta Adresiniz<br \/>\n<span class=\"wpcf7-form-control-wrap\" data-name=\"eposta\"><input size=\"40\" maxlength=\"400\" class=\"wpcf7-form-control wpcf7-email wpcf7-validates-as-required wpcf7-text wpcf7-validates-as-email kullad form-control\" aria-required=\"true\" aria-invalid=\"false\" value=\"\" type=\"email\" name=\"eposta\" \/><\/span> <\/label>\n<\/p>\n<p><label style=\"font-size:16px;color:#000\"> Konu<br \/>\n<span class=\"wpcf7-form-control-wrap\" data-name=\"konu\"><input size=\"40\" maxlength=\"400\" class=\"wpcf7-form-control wpcf7-text wpcf7-validates-as-required kullad form-control\" aria-required=\"true\" aria-invalid=\"false\" value=\"\" type=\"text\" name=\"konu\" \/><\/span> <\/label>\n<\/p>\n<p><label style=\"font-size:16px;color:#000\"> Tecr\u00fcbeniz<br \/>\n<span class=\"wpcf7-form-control-wrap\" data-name=\"tecrube\"><input size=\"40\" maxlength=\"400\" class=\"wpcf7-form-control wpcf7-text wpcf7-validates-as-required kullad form-control\" aria-required=\"true\" aria-invalid=\"false\" value=\"\" type=\"text\" name=\"tecrube\" \/><\/span> <\/label>\n<\/p>\n<p><label style=\"font-size:16px;color:#000\"> Cinsiyetiniz<br \/>\n<span class=\"wpcf7-form-control-wrap\" data-name=\"cinsiyet\"><select class=\"wpcf7-form-control wpcf7-select wpcf7-validates-as-required kullad form-control\" aria-required=\"true\" aria-invalid=\"false\" name=\"cinsiyet\"><option value=\"Erkek\">Erkek<\/option><option value=\"Kad\u0131n\">Kad\u0131n<\/option><\/select><\/span><\/label>\n<\/p>\n<p><label style=\"font-size:16px;color:#000\"> Yay\u0131n Tarz\u0131n\u0131z<br \/>\n<span class=\"wpcf7-form-control-wrap\" data-name=\"yayintarzi\"><input size=\"40\" maxlength=\"400\" class=\"wpcf7-form-control wpcf7-text wpcf7-validates-as-required kullad form-control\" aria-required=\"true\" aria-invalid=\"false\" value=\"\" type=\"text\" name=\"yayintarzi\" \/><\/span> <\/label>\n<\/p>\n<p><label style=\"font-size:16px;color:#000\"> \u00d6zge\u00e7mi\u015finiz<br \/>\n<span class=\"wpcf7-form-control-wrap\" data-name=\"ozgecmis\"><textarea cols=\"40\" rows=\"10\" maxlength=\"2000\" class=\"wpcf7-form-control wpcf7-textarea wpcf7-validates-as-required kullad form-control\" aria-required=\"true\" aria-invalid=\"false\" name=\"ozgecmis\"><\/textarea><\/span> <\/label>\n<\/p>\n<p><button type=\"submit\" class=\"btn btn-secondary btn-lg btn-13\">Formu G\u00f6nder<\/button>\n<\/p><p style=\"display: none !important;\" class=\"akismet-fields-container\" data-prefix=\"_wpcf7_ak_\"><label>&#916;<textarea name=\"_wpcf7_ak_hp_textarea\" cols=\"45\" rows=\"8\" maxlength=\"100\"><\/textarea><\/label><input type=\"hidden\" id=\"ak_js_1\" name=\"_wpcf7_ak_js\" value=\"34\"\/><script>document.getElementById( \"ak_js_1\" ).setAttribute( \"value\", ( new Date() ).getTime() );<\/script><\/p><div class=\"wpcf7-response-output\" aria-hidden=\"true\"><\/div>\n<\/form>\n<\/div>\n\n","protected":false},"excerpt":{"rendered":"<p>Sizlerde dj olmak istiyorsan\u0131z a\u015fa\u011f\u0131daki dj ba\u015fvuru formunu doldurarak bizlere g\u00f6nderebilirsiniz.<\/p>\n","protected":false},"author":1,"featured_media":0,"parent":0,"menu_order":0,"comment_status":"closed","ping_status":"closed","template":"","meta":{"footnotes":""},"class_list":["post-8","page","type-page","status-publish","hentry"],"_links":{"self":[{"href":"https:\/\/www.sohbettemasi.com\/RadyoMix\/wp-json\/wp\/v2\/pages\/8"}],"collection":[{"href":"https:\/\/www.sohbettemasi.com\/RadyoMix\/wp-json\/wp\/v2\/pages"}],"about":[{"href":"https:\/\/www.sohbettemasi.com\/RadyoMix\/wp-json\/wp\/v2\/types\/page"}],"author":[{"embeddable":true,"href":"https:\/\/www.sohbettemasi.com\/RadyoMix\/wp-json\/wp\/v2\/users\/1"}],"replies":[{"embeddable":true,"href":"https:\/\/www.sohbettemasi.com\/RadyoMix\/wp-json\/wp\/v2\/comments?post=8"}],"version-history":[{"count":3,"href":"https:\/\/www.sohbettemasi.com\/RadyoMix\/wp-json\/wp\/v2\/pages\/8\/revisions"}],"predecessor-version":[{"id":22,"href":"https:\/\/www.sohbettemasi.com\/RadyoMix\/wp-json\/wp\/v2\/pages\/8\/revisions\/22"}],"wp:attachment":[{"href":"https:\/\/www.sohbettemasi.com\/RadyoMix\/wp-json\/wp\/v2\/media?parent=8"}],"curies":[{"name":"wp","href":"https:\/\/api.w.org\/{rel}","templated":true}]}}