{"id":14,"date":"2026-02-16T17:19:48","date_gmt":"2026-02-16T14:19:48","guid":{"rendered":"https:\/\/www.sohbettemasi.com\/akik\/?page_id=14"},"modified":"2026-02-16T17:19:48","modified_gmt":"2026-02-16T14:19:48","slug":"hakkimizda","status":"publish","type":"page","link":"https:\/\/www.sohbettemasi.com\/akik\/hakkimizda\/","title":{"rendered":"Hakk\u0131m\u0131zda"},"content":{"rendered":"<p>Akik, web sitenizde canl\u0131 ve etkile\u015fimli sohbet ortamlar\u0131 yaratman\u0131z i\u00e7in \u00f6zel olarak tasarlanm\u0131\u015f yenilik\u00e7i bir WordPress temas\u0131d\u0131r. Kullan\u0131c\u0131 dostu aray\u00fcz\u00fc, mobil uyumlulu\u011fu ve h\u0131zl\u0131 performans\u0131yla toplulu\u011funuzu bir araya getiriyor. Amac\u0131m\u0131z, dijital d\u00fcnyada samimi ba\u011flar kurman\u0131z\u0131 sa\u011flayacak en g\u00fcvenilir, \u015f\u0131k ve kesintisiz ileti\u015fim altyap\u0131s\u0131n\u0131 sizlere sunmakt\u0131r.<\/p>\n","protected":false},"excerpt":{"rendered":"<p>Akik, web sitenizde canl\u0131 ve etkile\u015fimli sohbet ortamlar\u0131 yaratman\u0131z i\u00e7in \u00f6zel olarak tasarlanm\u0131\u015f yenilik\u00e7i bir WordPress temas\u0131d\u0131r. Kullan\u0131c\u0131 dostu aray\u00fcz\u00fc, mobil uyumlulu\u011fu ve h\u0131zl\u0131 performans\u0131yla toplulu\u011funuzu bir araya getiriyor. Amac\u0131m\u0131z,&#8230;<\/p>\n","protected":false},"author":1,"featured_media":0,"parent":0,"menu_order":0,"comment_status":"closed","ping_status":"closed","template":"","meta":{"footnotes":""},"class_list":["post-14","page","type-page","status-publish","hentry"],"_links":{"self":[{"href":"https:\/\/www.sohbettemasi.com\/akik\/wp-json\/wp\/v2\/pages\/14","targetHints":{"allow":["GET"]}}],"collection":[{"href":"https:\/\/www.sohbettemasi.com\/akik\/wp-json\/wp\/v2\/pages"}],"about":[{"href":"https:\/\/www.sohbettemasi.com\/akik\/wp-json\/wp\/v2\/types\/page"}],"author":[{"embeddable":true,"href":"https:\/\/www.sohbettemasi.com\/akik\/wp-json\/wp\/v2\/users\/1"}],"replies":[{"embeddable":true,"href":"https:\/\/www.sohbettemasi.com\/akik\/wp-json\/wp\/v2\/comments?post=14"}],"version-history":[{"count":1,"href":"https:\/\/www.sohbettemasi.com\/akik\/wp-json\/wp\/v2\/pages\/14\/revisions"}],"predecessor-version":[{"id":15,"href":"https:\/\/www.sohbettemasi.com\/akik\/wp-json\/wp\/v2\/pages\/14\/revisions\/15"}],"wp:attachment":[{"href":"https:\/\/www.sohbettemasi.com\/akik\/wp-json\/wp\/v2\/media?parent=14"}],"curies":[{"name":"wp","href":"https:\/\/api.w.org\/{rel}","templated":true}]}}