{"id":16,"date":"2026-02-16T17:21:36","date_gmt":"2026-02-16T14:21:36","guid":{"rendered":"https:\/\/www.sohbettemasi.com\/akik\/?page_id=16"},"modified":"2026-02-16T17:21:36","modified_gmt":"2026-02-16T14:21:36","slug":"iletisim","status":"publish","type":"page","link":"https:\/\/www.sohbettemasi.com\/akik\/iletisim\/","title":{"rendered":"\u0130leti\u015fim"},"content":{"rendered":"<p>Akik hakk\u0131nda teknik destek almak, i\u015fbirli\u011fi f\u0131rsatlar\u0131n\u0131 de\u011ferlendirmek veya genel sorular\u0131n\u0131z\u0131 iletmek i\u00e7in bize diledi\u011finiz zaman ula\u015fabilirsiniz. Amac\u0131m\u0131z size en kesintisiz ileti\u015fim deneyimini sunmakt\u0131r. A\u015fa\u011f\u0131daki ileti\u015fim kanallar\u0131ndan bizimle irtibata ge\u00e7ebilirsiniz; mesajlar\u0131n\u0131z\u0131 bekliyoruz.<\/p>\n","protected":false},"excerpt":{"rendered":"<p>Akik hakk\u0131nda teknik destek almak, i\u015fbirli\u011fi f\u0131rsatlar\u0131n\u0131 de\u011ferlendirmek veya genel sorular\u0131n\u0131z\u0131 iletmek i\u00e7in bize diledi\u011finiz zaman ula\u015fabilirsiniz. Amac\u0131m\u0131z size en kesintisiz ileti\u015fim deneyimini sunmakt\u0131r. A\u015fa\u011f\u0131daki ileti\u015fim kanallar\u0131ndan bizimle irtibata ge\u00e7ebilirsiniz;&#8230;<\/p>\n","protected":false},"author":1,"featured_media":0,"parent":0,"menu_order":0,"comment_status":"closed","ping_status":"closed","template":"","meta":{"footnotes":""},"class_list":["post-16","page","type-page","status-publish","hentry"],"_links":{"self":[{"href":"https:\/\/www.sohbettemasi.com\/akik\/wp-json\/wp\/v2\/pages\/16","targetHints":{"allow":["GET"]}}],"collection":[{"href":"https:\/\/www.sohbettemasi.com\/akik\/wp-json\/wp\/v2\/pages"}],"about":[{"href":"https:\/\/www.sohbettemasi.com\/akik\/wp-json\/wp\/v2\/types\/page"}],"author":[{"embeddable":true,"href":"https:\/\/www.sohbettemasi.com\/akik\/wp-json\/wp\/v2\/users\/1"}],"replies":[{"embeddable":true,"href":"https:\/\/www.sohbettemasi.com\/akik\/wp-json\/wp\/v2\/comments?post=16"}],"version-history":[{"count":1,"href":"https:\/\/www.sohbettemasi.com\/akik\/wp-json\/wp\/v2\/pages\/16\/revisions"}],"predecessor-version":[{"id":17,"href":"https:\/\/www.sohbettemasi.com\/akik\/wp-json\/wp\/v2\/pages\/16\/revisions\/17"}],"wp:attachment":[{"href":"https:\/\/www.sohbettemasi.com\/akik\/wp-json\/wp\/v2\/media?parent=16"}],"curies":[{"name":"wp","href":"https:\/\/api.w.org\/{rel}","templated":true}]}}