{"id":2,"date":"2024-06-13T19:24:09","date_gmt":"2024-06-13T16:24:09","guid":{"rendered":"https:\/\/sohbettemasi.com\/okyanus\/?page_id=2"},"modified":"2024-06-13T19:26:34","modified_gmt":"2024-06-13T16:26:34","slug":"hakkimizda","status":"publish","type":"page","link":"https:\/\/www.sohbettemasi.com\/okyanus\/hakkimizda","title":{"rendered":"Hakk\u0131m\u0131zda"},"content":{"rendered":"\r\n<p>Denizlerin derinliklerinden ilham alarak olu\u015fturdu\u011fumuz Okyanus Sohbet, suyun huzur veren melodilerini ve okyanusun sonsuz sakinli\u011fini dijital ortama ta\u015f\u0131yan \u00f6zel bir platformdur. Burada, do\u011fan\u0131n en g\u00fc\u00e7l\u00fc ve etkileyici unsurlar\u0131ndan biri olan okyanusun dinginli\u011fini sohbetlerimize yans\u0131tmay\u0131 ama\u00e7l\u0131yoruz.<\/p>\r\n<p>Amac\u0131m\u0131z, okyanusun g\u00fcc\u00fcn\u00fc ve g\u00fczelli\u011fini dijital d\u00fcnyada da ya\u015fatmak ve bu e\u015fsiz deneyimi sizlerle payla\u015fmak. Suyun huzur veren etkisiyle stresten ar\u0131narak, yeni dostluklar kurabilece\u011finiz bu ortamda, herkesin kendine dair bir \u015feyler bulabilece\u011fi bir alan yarat\u0131yoruz.<\/p>\r\n","protected":false},"excerpt":{"rendered":"<p>Denizlerin derinliklerinden ilham alarak olu\u015fturdu\u011fumuz Okyanus Sohbet, suyun huzur veren melodilerini ve okyanusun sonsuz sakinli\u011fini dijital ortama ta\u015f\u0131yan \u00f6zel bir platformdur. Burada, do\u011fan\u0131n en g\u00fc\u00e7l\u00fc ve etkileyici unsurlar\u0131ndan biri olan okyanusun dinginli\u011fini sohbetlerimize yans\u0131tmay\u0131 ama\u00e7l\u0131yoruz. Amac\u0131m\u0131z, okyanusun g\u00fcc\u00fcn\u00fc ve g\u00fczelli\u011fini dijital d\u00fcnyada da ya\u015fatmak ve bu e\u015fsiz deneyimi sizlerle payla\u015fmak. Suyun huzur veren etkisiyle stresten [&hellip;]<\/p>\n","protected":false},"author":1,"featured_media":0,"parent":0,"menu_order":0,"comment_status":"closed","ping_status":"open","template":"","meta":{"footnotes":""},"class_list":["post-2","page","type-page","status-publish","hentry"],"_links":{"self":[{"href":"https:\/\/www.sohbettemasi.com\/okyanus\/wp-json\/wp\/v2\/pages\/2","targetHints":{"allow":["GET"]}}],"collection":[{"href":"https:\/\/www.sohbettemasi.com\/okyanus\/wp-json\/wp\/v2\/pages"}],"about":[{"href":"https:\/\/www.sohbettemasi.com\/okyanus\/wp-json\/wp\/v2\/types\/page"}],"author":[{"embeddable":true,"href":"https:\/\/www.sohbettemasi.com\/okyanus\/wp-json\/wp\/v2\/users\/1"}],"replies":[{"embeddable":true,"href":"https:\/\/www.sohbettemasi.com\/okyanus\/wp-json\/wp\/v2\/comments?post=2"}],"version-history":[{"count":2,"href":"https:\/\/www.sohbettemasi.com\/okyanus\/wp-json\/wp\/v2\/pages\/2\/revisions"}],"predecessor-version":[{"id":7,"href":"https:\/\/www.sohbettemasi.com\/okyanus\/wp-json\/wp\/v2\/pages\/2\/revisions\/7"}],"wp:attachment":[{"href":"https:\/\/www.sohbettemasi.com\/okyanus\/wp-json\/wp\/v2\/media?parent=2"}],"curies":[{"name":"wp","href":"https:\/\/api.w.org\/{rel}","templated":true}]}}