{"id":24,"date":"2019-04-02T13:22:55","date_gmt":"2019-04-02T10:22:55","guid":{"rendered":"https:\/\/www.sohbettemasi.com\/yesilsohbet\/?page_id=24"},"modified":"2019-04-02T16:16:26","modified_gmt":"2019-04-02T13:16:26","slug":"hakkimizda","status":"publish","type":"page","link":"https:\/\/www.sohbettemasi.com\/yesilsohbet\/hakkimizda","title":{"rendered":"Hakk\u0131m\u0131zda"},"content":{"rendered":"\n<p>Sohbet tema tasar\u0131m hizmetimiz Google ve di\u011fer arama motorlar\u0131 i\u00e7in seo uyumlu \u015fekilde haz\u0131rlanmaktad\u0131r. Sadece sohbet tema yapmay\u0131 de\u011fil, sizin sat\u0131n ald\u0131\u011f\u0131n\u0131z temalardan en iyi verim ve geliri elde edebilmenizi ama\u00e7lad\u0131\u011f\u0131m\u0131z i\u00e7in temalardaki reklam alanlar\u0131n\u0131n yerle\u015fimini de \u00f6zenle se\u00e7mekteyiz.<\/p>\n\n\n\n<p>Sat\u0131\u015f\u0131n\u0131 ger\u00e7ekle\u015ftirdi\u011fimiz sohbet temalar\u0131 d\u0131\u015f\u0131nda kendinize ait bir sohbet temas\u0131 yada firman\u0131za \u00f6zel tema tasar\u0131m\u0131 yapt\u0131rmak isterseniz ileti\u015fime ge\u00e7erek detayl\u0131 bilgi alabilirsiniz.<\/p>\n\n\n\n<h2 class=\"wp-block-heading\">Tema Sat\u0131\u015f Haklar\u0131<\/h2>\n\n\n\n<p><strong>SekerShell Internet Hizmetleri<\/strong><\/p>\n","protected":false},"excerpt":{"rendered":"<p>Sohbet tema tasar\u0131m hizmetimiz Google&#8230;<\/p>\n","protected":false},"author":1,"featured_media":0,"parent":0,"menu_order":0,"comment_status":"closed","ping_status":"closed","template":"","meta":{"footnotes":""},"class_list":["post-24","page","type-page","status-publish","hentry"],"_links":{"self":[{"href":"https:\/\/www.sohbettemasi.com\/yesilsohbet\/wp-json\/wp\/v2\/pages\/24"}],"collection":[{"href":"https:\/\/www.sohbettemasi.com\/yesilsohbet\/wp-json\/wp\/v2\/pages"}],"about":[{"href":"https:\/\/www.sohbettemasi.com\/yesilsohbet\/wp-json\/wp\/v2\/types\/page"}],"author":[{"embeddable":true,"href":"https:\/\/www.sohbettemasi.com\/yesilsohbet\/wp-json\/wp\/v2\/users\/1"}],"replies":[{"embeddable":true,"href":"https:\/\/www.sohbettemasi.com\/yesilsohbet\/wp-json\/wp\/v2\/comments?post=24"}],"version-history":[{"count":2,"href":"https:\/\/www.sohbettemasi.com\/yesilsohbet\/wp-json\/wp\/v2\/pages\/24\/revisions"}],"predecessor-version":[{"id":30,"href":"https:\/\/www.sohbettemasi.com\/yesilsohbet\/wp-json\/wp\/v2\/pages\/24\/revisions\/30"}],"wp:attachment":[{"href":"https:\/\/www.sohbettemasi.com\/yesilsohbet\/wp-json\/wp\/v2\/media?parent=24"}],"curies":[{"name":"wp","href":"https:\/\/api.w.org\/{rel}","templated":true}]}}